{"id":329,"date":"2024-10-30T14:22:09","date_gmt":"2024-10-30T17:22:09","guid":{"rendered":"https:\/\/redexit.com.ar\/?post_type=product&#038;p=329"},"modified":"2025-12-30T10:39:20","modified_gmt":"2025-12-30T13:39:20","slug":"infinix-gt-20-pro-256gb-nfc-24gb-ram-5g","status":"publish","type":"product","link":"https:\/\/redexit.com.ar\/?product=infinix-gt-20-pro-256gb-nfc-24gb-ram-5g","title":{"rendered":"Infinix Gt 20 Pro 256gb NFC (24gb ram) 5g"},"content":{"rendered":"<p>Lo que ten\u00e9s que saber de este producto:<br \/>Memoria RAM: 12 GB f\u00edsicos + 12 GB Extendidos<br \/>Dispositivo liberado para que elijas la compa\u00f1\u00eda telef\u00f3nica que prefieras.<br \/>Compatible con redes 5G.<br \/>Pantalla AMOLED de 6.78&#8243;.<br \/>Tiene 3 c\u00e1maras traseras de 108Mpx\/2Mpx\/2Mpx.<br \/>C\u00e1mara delantera de 32Mpx.<br \/>Procesador Mediatek Dimensity 8200 Octa-Core de 3.1GHz con 12GB de RAM.<br \/>Memoria interna de 256GB.<br \/>Resistente a las salpicaduras.<br \/>Con sensor de huella dactilar.<br \/>Resistente al polvo.<\/p>\n<p>Experiencia visual incre\u00edble<br \/>Mir\u00e1 tus series y pel\u00edculas favoritas con la mejor definici\u00f3n a trav\u00e9s de su pantalla AMOLED de 6.78&#8243;. Disfrut\u00e1 de colores brillantes y detalles precisos en todos tus contenidos.<\/p>\n<p>Capacidad y eficiencia<br \/>Con su potente procesador y memoria RAM de 12 GB tu equipo alcanzar\u00e1 un alto rendimiento con gran velocidad de transmisi\u00f3n de contenidos y ejecutar\u00e1 m\u00faltiples aplicaciones a la vez sin demoras.<\/p>\n<p>Desbloqueo veloz con tu huella dactilar<br \/>Con el sensor de huella dactilar, el acceso es seguro y podr\u00e1s desbloquearlo autom\u00e1ticamente con un toque.<\/p>\n","protected":false},"excerpt":{"rendered":"<p>Infinix Gt 20 Pro 256gb NFC (24gb ram) 5g\u00a0<br \/>El mejor tel\u00e9fono para juegos a un precio incre\u00edble<\/p>\n","protected":false},"featured_media":330,"comment_status":"open","ping_status":"closed","template":"","meta":{"_et_pb_use_builder":"","_et_pb_old_content":"","_et_gb_content_width":"","_joinchat":[]},"product_brand":[],"product_cat":[18],"product_tag":[],"class_list":{"0":"post-329","1":"product","2":"type-product","3":"status-publish","4":"has-post-thumbnail","6":"product_cat-sin-categorizar","8":"first","9":"outofstock","10":"sale","11":"taxable","12":"shipping-taxable","13":"purchasable","14":"product-type-simple"},"jetpack_sharing_enabled":true,"_links":{"self":[{"href":"https:\/\/redexit.com.ar\/index.php?rest_route=\/wp\/v2\/product\/329","targetHints":{"allow":["GET"]}}],"collection":[{"href":"https:\/\/redexit.com.ar\/index.php?rest_route=\/wp\/v2\/product"}],"about":[{"href":"https:\/\/redexit.com.ar\/index.php?rest_route=\/wp\/v2\/types\/product"}],"replies":[{"embeddable":true,"href":"https:\/\/redexit.com.ar\/index.php?rest_route=%2Fwp%2Fv2%2Fcomments&post=329"}],"wp:featuredmedia":[{"embeddable":true,"href":"https:\/\/redexit.com.ar\/index.php?rest_route=\/wp\/v2\/media\/330"}],"wp:attachment":[{"href":"https:\/\/redexit.com.ar\/index.php?rest_route=%2Fwp%2Fv2%2Fmedia&parent=329"}],"wp:term":[{"taxonomy":"product_brand","embeddable":true,"href":"https:\/\/redexit.com.ar\/index.php?rest_route=%2Fwp%2Fv2%2Fproduct_brand&post=329"},{"taxonomy":"product_cat","embeddable":true,"href":"https:\/\/redexit.com.ar\/index.php?rest_route=%2Fwp%2Fv2%2Fproduct_cat&post=329"},{"taxonomy":"product_tag","embeddable":true,"href":"https:\/\/redexit.com.ar\/index.php?rest_route=%2Fwp%2Fv2%2Fproduct_tag&post=329"}],"curies":[{"name":"wp","href":"https:\/\/api.w.org\/{rel}","templated":true}]}}