{"id":322,"date":"2024-10-04T13:10:38","date_gmt":"2024-10-04T16:10:38","guid":{"rendered":"https:\/\/redexit.com.ar\/?post_type=product&#038;p=322"},"modified":"2025-12-30T10:39:22","modified_gmt":"2025-12-30T13:39:22","slug":"xiaomi-redmi-14-c-256gb-16gb","status":"publish","type":"product","link":"https:\/\/redexit.com.ar\/?product=xiaomi-redmi-14-c-256gb-16gb","title":{"rendered":"Xiaomi Redmi 14 C 256gb\/16gb"},"content":{"rendered":"<p>Somos RedexIT<br \/>Importadores directos<br \/>Presentamos el nuevo Redmi 14C de 256GB de memoria interna + 8GB de RAM y 8GB de memoria Extendida, esta nueva tecnolog\u00eda en los dispositivos Xiaomi trae consigo la revoluci\u00f3n en respuesta a las aplicaciones que m\u00e1s lo requieren.<br \/>Pantalla<br \/>LCD 6,88&#8243; HD+ | 120 Hz<br \/>240 Hz respuesta t\u00e1ctil<br \/>Dimensiones y peso<br \/>171,88 x 77,8 x 8,22 mm<br \/>De 207 a 211 gramos seg\u00fan acabado<br \/>Procesador<br \/>Helio G81<br \/>RAM 8 GB + 8GB RAM Extendida<br \/>Almacenamiento<br \/>256 GB<br \/>C\u00e1mara frontal: 13 MP f\/2.0<br \/>C\u00e1mara trasera: 50 MP f\/1.8<br \/>Lente auxiliar<br \/>Bater\u00eda: 5.160 mAh<br \/>Carga r\u00e1pida 18W<br \/>Sistema operativo<br \/>HyperOS<br \/>Conectividad: LTE<br \/>Bluetooth 5.4<br \/>WiFi ac<br \/>Radio FM<br \/>Minijack<br \/>USB-C<br \/>Otros<br \/>Lector de huellas en el lateral.<\/p>\n","protected":false},"excerpt":{"rendered":"<p>Xiaomi Redmi 14 C 256gb\/16gb<br \/>8GB de RAM + 8GB Virtuales<\/p>\n","protected":false},"featured_media":331,"comment_status":"open","ping_status":"closed","template":"","meta":{"_et_pb_use_builder":"","_et_pb_old_content":"","_et_gb_content_width":"","_joinchat":[]},"product_brand":[],"product_cat":[18],"product_tag":[],"class_list":{"0":"post-322","1":"product","2":"type-product","3":"status-publish","4":"has-post-thumbnail","6":"product_cat-sin-categorizar","8":"first","9":"outofstock","10":"sale","11":"taxable","12":"shipping-taxable","13":"purchasable","14":"product-type-simple"},"jetpack_sharing_enabled":true,"_links":{"self":[{"href":"https:\/\/redexit.com.ar\/index.php?rest_route=\/wp\/v2\/product\/322","targetHints":{"allow":["GET"]}}],"collection":[{"href":"https:\/\/redexit.com.ar\/index.php?rest_route=\/wp\/v2\/product"}],"about":[{"href":"https:\/\/redexit.com.ar\/index.php?rest_route=\/wp\/v2\/types\/product"}],"replies":[{"embeddable":true,"href":"https:\/\/redexit.com.ar\/index.php?rest_route=%2Fwp%2Fv2%2Fcomments&post=322"}],"wp:featuredmedia":[{"embeddable":true,"href":"https:\/\/redexit.com.ar\/index.php?rest_route=\/wp\/v2\/media\/331"}],"wp:attachment":[{"href":"https:\/\/redexit.com.ar\/index.php?rest_route=%2Fwp%2Fv2%2Fmedia&parent=322"}],"wp:term":[{"taxonomy":"product_brand","embeddable":true,"href":"https:\/\/redexit.com.ar\/index.php?rest_route=%2Fwp%2Fv2%2Fproduct_brand&post=322"},{"taxonomy":"product_cat","embeddable":true,"href":"https:\/\/redexit.com.ar\/index.php?rest_route=%2Fwp%2Fv2%2Fproduct_cat&post=322"},{"taxonomy":"product_tag","embeddable":true,"href":"https:\/\/redexit.com.ar\/index.php?rest_route=%2Fwp%2Fv2%2Fproduct_tag&post=322"}],"curies":[{"name":"wp","href":"https:\/\/api.w.org\/{rel}","templated":true}]}}