{"id":368,"date":"2025-07-30T15:38:42","date_gmt":"2025-07-30T18:38:42","guid":{"rendered":"https:\/\/redexit.com.ar\/?page_id=368"},"modified":"2025-07-30T15:39:18","modified_gmt":"2025-07-30T18:39:18","slug":"capacitaciones","status":"publish","type":"page","link":"https:\/\/redexit.com.ar\/?page_id=368","title":{"rendered":"Capacitaciones"},"content":{"rendered":"<p>[et_pb_section fb_built=\u00bb1&#8243; custom_padding_last_edited=\u00bbon|phone\u00bb admin_label=\u00bbHeader\u00bb _builder_version=\u00bb4.19.5&#8243; _module_preset=\u00bbdefault\u00bb background_color=\u00bbgcid-1bcf785a-50e1-437b-b09f-65567babc1de\u00bb use_background_color_gradient=\u00bbon\u00bb background_color_gradient_type=\u00bbelliptical\u00bb background_color_gradient_direction_radial=\u00bbright\u00bb background_color_gradient_stops=\u00bbrgba(121,58,255,0.65) 0%|rgba(255,255,255,0) 72%\u00bb background_image=\u00bbhttps:\/\/redexit.com.ar\/wp-content\/uploads\/2024\/03\/grid-bg-1.png\u00bb background_size=\u00bbinitial\u00bb background_position=\u00bbtop_center\u00bb background_repeat=\u00bbrepeat\u00bb overflow-x=\u00bbhidden\u00bb overflow-y=\u00bbhidden\u00bb custom_padding=\u00bb110px||||false|false\u00bb custom_padding_tablet=\u00bb40px||||false|false\u00bb custom_padding_phone=\u00bb40px||||false|false\u00bb collapsed=\u00bbon\u00bb global_colors_info=\u00bb{%22gcid-1bcf785a-50e1-437b-b09f-65567babc1de%22:%91%22background_color%22,%22background_color_gradient_stops%22%93}\u00bb theme_builder_area=\u00bbpost_content\u00bb][et_pb_row column_structure=\u00bb2_3,1_3&#8243; _builder_version=\u00bb4.19.5&#8243; _module_preset=\u00bbdefault\u00bb global_colors_info=\u00bb{}\u00bb theme_builder_area=\u00bbpost_content\u00bb][et_pb_column type=\u00bb2_3&#8243; _builder_version=\u00bb4.19.5&#8243; _module_preset=\u00bbdefault\u00bb z_index=\u00bb10&#8243; global_colors_info=\u00bb{}\u00bb theme_builder_area=\u00bbpost_content\u00bb][et_pb_text _builder_version=\u00bb4.19.2&#8243; _module_preset=\u00bb087002cc-8673-40e1-ac58-c8b6092c8fd5&#8243; locked=\u00bboff\u00bb global_colors_info=\u00bb{}\u00bb theme_builder_area=\u00bbpost_content\u00bb]<\/p>\n<h4>Artificial Intelligence<\/h4>\n<p>[\/et_pb_text][et_pb_text _builder_version=\u00bb4.19.2&#8243; _module_preset=\u00bbc6512dbc-116c-4bbf-8c51-df29a6b485af\u00bb custom_margin=\u00bb||10px||false|false\u00bb locked=\u00bboff\u00bb global_colors_info=\u00bb{}\u00bb theme_builder_area=\u00bbpost_content\u00bb]<\/p>\n<h1>Curso de Reparaci\u00f3n de Celulares<\/h1>\n<p>[\/et_pb_text][et_pb_text _builder_version=\u00bb4.19.5&#8243; _module_preset=\u00bb69436d1a-fa34-4b64-8ff8-1bdf44d29f35&#8243; max_width=\u00bb500px\u00bb global_colors_info=\u00bb{}\u00bb theme_builder_area=\u00bbpost_content\u00bb]<\/p>\n<p>Transform\u00e1 tu futuro con un oficio pr\u00e1ctico y rentable. \u00a1Cupos limitados!<\/p>\n<p>[\/et_pb_text][et_pb_button button_text=\u00bbAnotate ahora\u00bb _builder_version=\u00bb4.27.4&#8243; _module_preset=\u00bbe3dcf89c-d4c1-4aa4-b9e2-3cd12937f084&#8243; hover_enabled=\u00bb0&#8243; locked=\u00bboff\u00bb global_colors_info=\u00bb{}\u00bb theme_builder_area=\u00bbpost_content\u00bb button_url=\u00bbhttps:\/\/wa.me\/message\/63YFPDURHPECB1&#8243; sticky_enabled=\u00bb0&#8243;][\/et_pb_button][\/et_pb_column][et_pb_column type=\u00bb1_3&#8243; _builder_version=\u00bb4.19.2&#8243; _module_preset=\u00bbdefault\u00bb global_colors_info=\u00bb{}\u00bb theme_builder_area=\u00bbpost_content\u00bb][et_pb_image src=\u00bbhttps:\/\/redexit.com.ar\/wp-content\/uploads\/2024\/03\/brain-1.png\u00bb title_text=\u00bbbrain\u00bb _builder_version=\u00bb4.19.5&#8243; _module_preset=\u00bbdefault\u00bb custom_margin=\u00bb-60%|-110%||-80%|false|false\u00bb custom_margin_tablet=\u00bb0%|0%||0%|false|false\u00bb custom_margin_phone=\u00bb0%|0%||0%|false|false\u00bb custom_margin_last_edited=\u00bbon|tablet\u00bb scroll_vertical_motion=\u00bb0|50|50|100|-1|0|1&#8243; scroll_scaling=\u00bb0|50|50|100|100%|100|70%\u00bb global_colors_info=\u00bb{}\u00bb theme_builder_area=\u00bbpost_content\u00bb][\/et_pb_image][\/et_pb_column][\/et_pb_row][\/et_pb_section][et_pb_section fb_built=\u00bb1&#8243; admin_label=\u00bbFeatures\u00bb _builder_version=\u00bb4.19.5&#8243; _module_preset=\u00bbdefault\u00bb background_color=\u00bbgcid-1bcf785a-50e1-437b-b09f-65567babc1de\u00bb use_background_color_gradient=\u00bbon\u00bb background_color_gradient_stops=\u00bbrgba(255,255,255,0) 70%|#0f0122 100%\u00bb background_color_gradient_overlays_image=\u00bbon\u00bb background_image=\u00bbhttps:\/\/redexit.com.ar\/wp-content\/uploads\/2024\/03\/eye-bg-1.png\u00bb background_size=\u00bbinitial\u00bb background_position=\u00bbtop_center\u00bb collapsed=\u00bbon\u00bb global_colors_info=\u00bb{%22gcid-1bcf785a-50e1-437b-b09f-65567babc1de%22:%91%22background_color%22%93}\u00bb theme_builder_area=\u00bbpost_content\u00bb][et_pb_row column_structure=\u00bb1_3,2_3&#8243; _builder_version=\u00bb4.19.2&#8243; _module_preset=\u00bbdefault\u00bb global_colors_info=\u00bb{}\u00bb theme_builder_area=\u00bbpost_content\u00bb][et_pb_column type=\u00bb1_3&#8243; _builder_version=\u00bb4.19.2&#8243; _module_preset=\u00bbdefault\u00bb global_colors_info=\u00bb{}\u00bb theme_builder_area=\u00bbpost_content\u00bb][et_pb_text _builder_version=\u00bb4.27.4&#8243; _module_preset=\u00bb087002cc-8673-40e1-ac58-c8b6092c8fd5&#8243; hover_enabled=\u00bb0&#8243; global_colors_info=\u00bb{}\u00bb theme_builder_area=\u00bbpost_content\u00bb sticky_enabled=\u00bb0&#8243;]<\/p>\n<h4>Contenido<\/h4>\n<p>[\/et_pb_text][\/et_pb_column][et_pb_column type=\u00bb2_3&#8243; _builder_version=\u00bb4.19.2&#8243; _module_preset=\u00bbdefault\u00bb global_colors_info=\u00bb{}\u00bb theme_builder_area=\u00bbpost_content\u00bb][et_pb_text _builder_version=\u00bb4.19.2&#8243; _module_preset=\u00bbd4cf4c3b-f0bc-4233-9d84-2342f2a2b39d\u00bb custom_margin=\u00bb||10px||false|false\u00bb global_colors_info=\u00bb{}\u00bb theme_builder_area=\u00bbpost_content\u00bb]<\/p>\n<h2>Transform\u00e1 tu futuro con un oficio pr\u00e1ctico y rentable. \u00a1Cupos limitados!<\/h2>\n<p>[\/et_pb_text][et_pb_text _builder_version=\u00bb4.19.2&#8243; _module_preset=\u00bb69436d1a-fa34-4b64-8ff8-1bdf44d29f35&#8243; global_colors_info=\u00bb{}\u00bb theme_builder_area=\u00bbpost_content\u00bb]<\/p>\n<p>Aprend\u00e9 un oficio con salida laboral, desde cero y con todas las herramientas incluidas.<\/p>\n<p>[\/et_pb_text][\/et_pb_column][\/et_pb_row][et_pb_row column_structure=\u00bb1_3,1_3,1_3&#8243; _builder_version=\u00bb4.19.2&#8243; _module_preset=\u00bbdefault\u00bb global_colors_info=\u00bb{}\u00bb theme_builder_area=\u00bbpost_content\u00bb][et_pb_column type=\u00bb1_3&#8243; _builder_version=\u00bb4.19.2&#8243; _module_preset=\u00bbdefault\u00bb global_colors_info=\u00bb{}\u00bb theme_builder_area=\u00bbpost_content\u00bb][\/et_pb_column][et_pb_column type=\u00bb1_3&#8243; _builder_version=\u00bb4.19.2&#8243; _module_preset=\u00bbdefault\u00bb custom_padding_tablet=\u00bb||30px||false|false\u00bb custom_padding_phone=\u00bb||30px||false|false\u00bb custom_padding_last_edited=\u00bbon|desktop\u00bb global_colors_info=\u00bb{}\u00bb theme_builder_area=\u00bbpost_content\u00bb][et_pb_image src=\u00bbhttps:\/\/redexit.com.ar\/wp-content\/uploads\/2024\/03\/ai-icon-06.png\u00bb title_text=\u00bbai-icon-06&#8243; _builder_version=\u00bb4.19.2&#8243; _module_preset=\u00bbdefault\u00bb global_colors_info=\u00bb{}\u00bb theme_builder_area=\u00bbpost_content\u00bb][\/et_pb_image][et_pb_text _builder_version=\u00bb4.19.2&#8243; _module_preset=\u00bb1ae11951-d52e-4605-aef7-1e2a1ee5ae78&#8243; custom_margin=\u00bb||0px||false|false\u00bb global_colors_info=\u00bb{}\u00bb theme_builder_area=\u00bbpost_content\u00bb]<\/p>\n<h3>\ud83d\udee0\ufe0f \u00bfQu\u00e9 incluye el curso?<\/h3>\n<p>[\/et_pb_text][et_pb_text _builder_version=\u00bb4.19.2&#8243; _module_preset=\u00bb69436d1a-fa34-4b64-8ff8-1bdf44d29f35&#8243; global_colors_info=\u00bb{}\u00bb theme_builder_area=\u00bbpost_content\u00bb]<\/p>\n<p><!--StartFragment --><\/p>\n<ul>\n<li>Capacitaci\u00f3n pr\u00e1ctica en reparaci\u00f3n f\u00edsica de celulares<\/li>\n<li>Herramientas y materiales provistos por RedexIT<\/li>\n<li>Cartilla impresa con gu\u00edas visuales y ejercicios reales<\/li>\n<li>Acompa\u00f1amiento personalizado en cada clase<\/li>\n<\/ul>\n<p><!--EndFragment --><\/p>\n<p>[\/et_pb_text][\/et_pb_column][et_pb_column type=\u00bb1_3&#8243; _builder_version=\u00bb4.19.2&#8243; _module_preset=\u00bbdefault\u00bb global_colors_info=\u00bb{}\u00bb theme_builder_area=\u00bbpost_content\u00bb][et_pb_image src=\u00bbhttps:\/\/redexit.com.ar\/wp-content\/uploads\/2024\/03\/ai-icon-05.png\u00bb title_text=\u00bbai-icon-05&#8243; _builder_version=\u00bb4.19.2&#8243; _module_preset=\u00bbdefault\u00bb global_colors_info=\u00bb{}\u00bb theme_builder_area=\u00bbpost_content\u00bb][\/et_pb_image][et_pb_text _builder_version=\u00bb4.19.2&#8243; _module_preset=\u00bb1ae11951-d52e-4605-aef7-1e2a1ee5ae78&#8243; custom_margin=\u00bb||0px||false|false\u00bb global_colors_info=\u00bb{}\u00bb theme_builder_area=\u00bbpost_content\u00bb]<\/p>\n<h3>\ud83d\udcd8 Contenidos principales<\/h3>\n<p>[\/et_pb_text][et_pb_text _builder_version=\u00bb4.19.2&#8243; _module_preset=\u00bb69436d1a-fa34-4b64-8ff8-1bdf44d29f35&#8243; global_colors_info=\u00bb{}\u00bb theme_builder_area=\u00bbpost_content\u00bb custom_padding=\u00bb||0px|||\u00bb]<\/p>\n<p><!--StartFragment --><\/p>\n<ol>\n<li>Introducci\u00f3n al servicio t\u00e9cnico<\/li>\n<li>Herramientas del taller<\/li>\n<li>Desarme y reconocimiento interno<\/li>\n<li>Diagn\u00f3stico de fallas f\u00edsicas<\/li>\n<li>Reemplazo de componentes<\/li>\n<li>Reparaciones con calor y soldado<\/li>\n<li>Nociones b\u00e1sicas de software<\/li>\n<li>Buenas pr\u00e1cticas y atenci\u00f3n al cliente<\/li>\n<\/ol>\n<p><!--EndFragment --><\/p>\n<p>[\/et_pb_text][\/et_pb_column][\/et_pb_row][et_pb_row column_structure=\u00bb1_3,1_3,1_3&#8243; _builder_version=\u00bb4.19.2&#8243; _module_preset=\u00bbdefault\u00bb global_colors_info=\u00bb{}\u00bb theme_builder_area=\u00bbpost_content\u00bb][et_pb_column type=\u00bb1_3&#8243; _builder_version=\u00bb4.19.2&#8243; _module_preset=\u00bbdefault\u00bb global_colors_info=\u00bb{}\u00bb theme_builder_area=\u00bbpost_content\u00bb][\/et_pb_column][et_pb_column type=\u00bb1_3&#8243; _builder_version=\u00bb4.19.2&#8243; _module_preset=\u00bbdefault\u00bb custom_padding_tablet=\u00bb||30px||false|false\u00bb custom_padding_phone=\u00bb||30px||false|false\u00bb custom_padding_last_edited=\u00bbon|tablet\u00bb global_colors_info=\u00bb{}\u00bb theme_builder_area=\u00bbpost_content\u00bb][et_pb_image src=\u00bbhttps:\/\/redexit.com.ar\/wp-content\/uploads\/2024\/03\/ai-icon-04.png\u00bb title_text=\u00bbai-icon-04&#8243; _builder_version=\u00bb4.19.2&#8243; _module_preset=\u00bbdefault\u00bb global_colors_info=\u00bb{}\u00bb theme_builder_area=\u00bbpost_content\u00bb][\/et_pb_image][et_pb_text _builder_version=\u00bb4.27.4&#8243; _module_preset=\u00bb1ae11951-d52e-4605-aef7-1e2a1ee5ae78&#8243; custom_margin=\u00bb||0px||false|false\u00bb hover_enabled=\u00bb0&#8243; global_colors_info=\u00bb{}\u00bb theme_builder_area=\u00bbpost_content\u00bb sticky_enabled=\u00bb0&#8243;]<\/p>\n<h3>\ud83c\udfaf \u00bfQui\u00e9n puede inscribirse?<\/h3>\n<p>[\/et_pb_text][et_pb_text _builder_version=\u00bb4.19.2&#8243; _module_preset=\u00bb69436d1a-fa34-4b64-8ff8-1bdf44d29f35&#8243; global_colors_info=\u00bb{}\u00bb theme_builder_area=\u00bbpost_content\u00bb]<\/p>\n<p><!--StartFragment --><\/p>\n<p>\u00a0Cualquier persona con ganas de aprender.<br \/><strong>No necesit\u00e1s experiencia previa.<\/strong><\/p>\n<p><!--EndFragment --><\/p>\n<p>[\/et_pb_text][\/et_pb_column][et_pb_column type=\u00bb1_3&#8243; _builder_version=\u00bb4.19.2&#8243; _module_preset=\u00bbdefault\u00bb global_colors_info=\u00bb{}\u00bb theme_builder_area=\u00bbpost_content\u00bb][et_pb_image src=\u00bbhttps:\/\/redexit.com.ar\/wp-content\/uploads\/2024\/03\/ai-icon-03.png\u00bb title_text=\u00bbai-icon-03&#8243; _builder_version=\u00bb4.19.2&#8243; _module_preset=\u00bbdefault\u00bb global_colors_info=\u00bb{}\u00bb theme_builder_area=\u00bbpost_content\u00bb][\/et_pb_image][et_pb_text _builder_version=\u00bb4.19.2&#8243; _module_preset=\u00bb1ae11951-d52e-4605-aef7-1e2a1ee5ae78&#8243; custom_margin=\u00bb||0px||false|false\u00bb global_colors_info=\u00bb{}\u00bb theme_builder_area=\u00bbpost_content\u00bb]<\/p>\n<h3>\ud83d\udccd Modalidad y ubicaci\u00f3n<\/h3>\n<p>[\/et_pb_text][et_pb_text _builder_version=\u00bb4.19.2&#8243; _module_preset=\u00bb69436d1a-fa34-4b64-8ff8-1bdf44d29f35&#8243; global_colors_info=\u00bb{}\u00bb theme_builder_area=\u00bbpost_content\u00bb]<\/p>\n<p>Clases presenciales en nuestro taller equipado en San Salvador de Jujuy.<br \/>Calle Humahuaca N\u00b0 295 casi esquina Avda. Pueyred\u00f3n<br \/>Horarios flexibles y cupos limitados<\/p>\n<p>[\/et_pb_text][\/et_pb_column][\/et_pb_row][\/et_pb_section][et_pb_section fb_built=\u00bb1&#8243; admin_label=\u00bbAbout\u00bb _builder_version=\u00bb4.19.5&#8243; _module_preset=\u00bbdefault\u00bb background_color=\u00bbgcid-1bcf785a-50e1-437b-b09f-65567babc1de\u00bb collapsed=\u00bbon\u00bb global_colors_info=\u00bb{%22gcid-1bcf785a-50e1-437b-b09f-65567babc1de%22:%91%22background_color%22%93}\u00bb theme_builder_area=\u00bbpost_content\u00bb][et_pb_row column_structure=\u00bb1_2,1_2&#8243; _builder_version=\u00bb4.19.5&#8243; _module_preset=\u00bbdefault\u00bb global_colors_info=\u00bb{}\u00bb theme_builder_area=\u00bbpost_content\u00bb][et_pb_column type=\u00bb1_2&#8243; _builder_version=\u00bb4.19.2&#8243; _module_preset=\u00bbdefault\u00bb global_colors_info=\u00bb{}\u00bb theme_builder_area=\u00bbpost_content\u00bb][et_pb_image src=\u00bbhttps:\/\/redexit.com.ar\/wp-content\/uploads\/2024\/03\/head-1.png\u00bb title_text=\u00bbhead\u00bb _builder_version=\u00bb4.19.5&#8243; _module_preset=\u00bbdefault\u00bb custom_margin=\u00bb|||-20%|false|false\u00bb custom_margin_tablet=\u00bb|||0%|false|false\u00bb custom_margin_phone=\u00bb|||0%|false|false\u00bb custom_margin_last_edited=\u00bbon|tablet\u00bb scroll_scaling_enable=\u00bbon\u00bb scroll_scaling=\u00bb0|50|50|100|90%|100|100&#8243; scroll_blur_enable=\u00bbon\u00bb global_colors_info=\u00bb{}\u00bb theme_builder_area=\u00bbpost_content\u00bb][\/et_pb_image][\/et_pb_column][et_pb_column type=\u00bb1_2&#8243; _builder_version=\u00bb4.19.5&#8243; _module_preset=\u00bbdefault\u00bb custom_padding=\u00bb12%||||false|false\u00bb custom_padding_tablet=\u00bb0%||||false|false\u00bb custom_padding_phone=\u00bb0vw||||false|false\u00bb custom_padding_last_edited=\u00bbon|desktop\u00bb global_colors_info=\u00bb{}\u00bb theme_builder_area=\u00bbpost_content\u00bb][et_pb_text _builder_version=\u00bb4.19.2&#8243; _module_preset=\u00bbd4cf4c3b-f0bc-4233-9d84-2342f2a2b39d\u00bb custom_margin=\u00bb||10px||false|false\u00bb global_colors_info=\u00bb{}\u00bb theme_builder_area=\u00bbpost_content\u00bb]<\/p>\n<h2>Reserva tu lugar con tiempo<\/h2>\n<p>[\/et_pb_text][et_pb_text _builder_version=\u00bb4.19.2&#8243; _module_preset=\u00bb69436d1a-fa34-4b64-8ff8-1bdf44d29f35&#8243; global_colors_info=\u00bb{}\u00bb theme_builder_area=\u00bbpost_content\u00bb]<\/p>\n<p>Nada mejor que invertir en tu futuro, una nueva habilidad puede abrir muchas puertas<\/p>\n<p>[\/et_pb_text][et_pb_button button_text=\u00bbInscribite aqu\u00ed\u00bb _builder_version=\u00bb4.27.4&#8243; _module_preset=\u00bbe3dcf89c-d4c1-4aa4-b9e2-3cd12937f084&#8243; hover_enabled=\u00bb0&#8243; locked=\u00bboff\u00bb global_colors_info=\u00bb{}\u00bb theme_builder_area=\u00bbpost_content\u00bb button_url=\u00bbhttps:\/\/wa.me\/message\/63YFPDURHPECB1&#8243; sticky_enabled=\u00bb0&#8243;][\/et_pb_button][\/et_pb_column][\/et_pb_row][\/et_pb_section]<\/p>\n","protected":false},"excerpt":{"rendered":"<p>Artificial IntelligenceCurso de Reparaci\u00f3n de CelularesTransform\u00e1 tu futuro con un oficio pr\u00e1ctico y rentable. \u00a1Cupos limitados!ContenidoTransform\u00e1 tu futuro con un oficio pr\u00e1ctico y rentable. \u00a1Cupos limitados!Aprend\u00e9 un oficio con salida laboral, desde cero y con todas las herramientas incluidas.\ud83d\udee0\ufe0f \u00bfQu\u00e9 incluye el curso? Capacitaci\u00f3n pr\u00e1ctica en reparaci\u00f3n f\u00edsica de celulares Herramientas y materiales provistos por [&hellip;]<\/p>\n","protected":false},"author":1,"featured_media":0,"parent":0,"menu_order":3,"comment_status":"closed","ping_status":"closed","template":"","meta":{"_et_pb_use_builder":"on","_et_pb_old_content":"","_et_gb_content_width":"","_joinchat":[],"footnotes":""},"class_list":["post-368","page","type-page","status-publish","hentry"],"jetpack_sharing_enabled":true,"_links":{"self":[{"href":"https:\/\/redexit.com.ar\/index.php?rest_route=\/wp\/v2\/pages\/368","targetHints":{"allow":["GET"]}}],"collection":[{"href":"https:\/\/redexit.com.ar\/index.php?rest_route=\/wp\/v2\/pages"}],"about":[{"href":"https:\/\/redexit.com.ar\/index.php?rest_route=\/wp\/v2\/types\/page"}],"author":[{"embeddable":true,"href":"https:\/\/redexit.com.ar\/index.php?rest_route=\/wp\/v2\/users\/1"}],"replies":[{"embeddable":true,"href":"https:\/\/redexit.com.ar\/index.php?rest_route=%2Fwp%2Fv2%2Fcomments&post=368"}],"version-history":[{"count":3,"href":"https:\/\/redexit.com.ar\/index.php?rest_route=\/wp\/v2\/pages\/368\/revisions"}],"predecessor-version":[{"id":372,"href":"https:\/\/redexit.com.ar\/index.php?rest_route=\/wp\/v2\/pages\/368\/revisions\/372"}],"wp:attachment":[{"href":"https:\/\/redexit.com.ar\/index.php?rest_route=%2Fwp%2Fv2%2Fmedia&parent=368"}],"curies":[{"name":"wp","href":"https:\/\/api.w.org\/{rel}","templated":true}]}}